{"id":476,"date":"2025-02-17T12:34:03","date_gmt":"2025-02-17T11:34:03","guid":{"rendered":"https:\/\/www.kibuka.com\/reservar-goya\/"},"modified":"2025-05-21T17:42:20","modified_gmt":"2025-05-21T15:42:20","slug":"reservar-goya","status":"publish","type":"page","link":"https:\/\/www.kibuka.com\/en\/reservar-goya\/","title":{"rendered":"Reservar Goya"},"content":{"rendered":"\n<p><strong>SOLO RESERVAMOS V\u00cdA TEL\u00c9FONO<\/strong><\/p>\n\n\n\n<p>Nuestra cocina abre todo el d\u00eda NON STOP de 13:00h a 23:30h \/ 00:00h.<br>Las reservas son para grupos de 8 a 12 personas, con men\u00fa cerrado obligatorio. <br>Para menos comensales funcionamos por orden de llegada.<br>La duraci\u00f3n del servicio es de 2 horas.<\/p>\n\n\n\n<p>MEN\u00daS GRUPOS: <br><a href=\"https:\/\/www.kibuka.com\/wp-content\/uploads\/2025\/05\/GOYA-DEGUSTACIO-1.pdf\" data-type=\"attachment\" data-id=\"710\" target=\"_blank\" rel=\"noreferrer noopener\">Men\u00fa de 26\u20ac<\/a> \/ persona<br><a href=\"https:\/\/www.kibuka.com\/wp-content\/uploads\/2025\/05\/GOYA-DEGUSTACIO-2.pdf\" data-type=\"attachment\" data-id=\"713\" target=\"_blank\" rel=\"noreferrer noopener\">Men\u00fa de 32\u20ac<\/a> \/ persona (sal\u00f3n reservado disponible)<\/p>\n\n\n\n<p class=\"has-small-font-size\">*adaptables sin gluten<\/p>\n\n\n\n<p>Para m\u00e1s informaci\u00f3n y reservas puedes llamarnos al <a href=\"https:\/\/www.google.com\/search?q=kibuka+goya&amp;oq=kibuka+goya&amp;gs_lcrp=EgZjaHJvbWUqDAgAECMYJxiABBiKBTIMCAAQIxgnGIAEGIoFMhIIARAuGBMYrwEYxwEYgAQYjgUyCQgCEAAYExiABDIJCAMQABgTGIAEMgYIBBBFGDwyBggFEEUYPDIGCAYQRRg8MgYIBxBFGEHSAQgyODIzajFqN6gCCLACAfEFHOQs--IQMfHxBRzkLPviEDHx&amp;sourceid=chrome&amp;ie=UTF-8#\" target=\"_blank\" rel=\"noreferrer noopener\">932 37 89 94<\/a><\/p>\n\n\n\n<p><\/p>\n\n\n\n<p><\/p>\n","protected":false},"excerpt":{"rendered":"<p>SOLO RESERVAMOS V\u00cdA TEL\u00c9FONO Nuestra cocina abre todo el d\u00eda NON STOP de 13:00h a 23:30h \/ 00:00h.Las reservas son para grupos de 8 a 12 personas, con men\u00fa cerrado obligatorio. Para menos comensales funcionamos por orden de llegada.La duraci\u00f3n del servicio es de 2 horas. MEN\u00daS GRUPOS: Men\u00fa de 26\u20ac \/ personaMen\u00fa de 32\u20ac [&hellip;]<\/p>\n","protected":false},"author":1,"featured_media":0,"parent":0,"menu_order":0,"comment_status":"closed","ping_status":"closed","template":"reservar-restaurante.php","meta":{"_acf_changed":false,"footnotes":""},"class_list":["post-476","page","type-page","status-publish","hentry"],"acf":[],"_links":{"self":[{"href":"https:\/\/www.kibuka.com\/en\/wp-json\/wp\/v2\/pages\/476","targetHints":{"allow":["GET"]}}],"collection":[{"href":"https:\/\/www.kibuka.com\/en\/wp-json\/wp\/v2\/pages"}],"about":[{"href":"https:\/\/www.kibuka.com\/en\/wp-json\/wp\/v2\/types\/page"}],"author":[{"embeddable":true,"href":"https:\/\/www.kibuka.com\/en\/wp-json\/wp\/v2\/users\/1"}],"replies":[{"embeddable":true,"href":"https:\/\/www.kibuka.com\/en\/wp-json\/wp\/v2\/comments?post=476"}],"version-history":[{"count":26,"href":"https:\/\/www.kibuka.com\/en\/wp-json\/wp\/v2\/pages\/476\/revisions"}],"predecessor-version":[{"id":728,"href":"https:\/\/www.kibuka.com\/en\/wp-json\/wp\/v2\/pages\/476\/revisions\/728"}],"wp:attachment":[{"href":"https:\/\/www.kibuka.com\/en\/wp-json\/wp\/v2\/media?parent=476"}],"curies":[{"name":"wp","href":"https:\/\/api.w.org\/{rel}","templated":true}]}}