{"id":1375,"date":"2025-12-15T07:16:34","date_gmt":"2025-12-15T06:16:34","guid":{"rendered":"https:\/\/www.kibuka.com\/producto\/samarreta-drac\/"},"modified":"2025-12-15T07:16:34","modified_gmt":"2025-12-15T06:16:34","slug":"samarreta-drac","status":"publish","type":"product","link":"https:\/\/www.kibuka.com\/ca\/producte\/samarreta-drac\/","title":{"rendered":"Samarreta Drac"},"content":{"rendered":"<p>20 anys<br \/>\nSamarreta de m\u00e0niga curta feta 100% cot\u00f3 org\u00e0nic, c\u00f2moda i transpirable.<br \/>\nDissenyada a Barcelona, combina qualitat i estil per al dia a dia.<\/p>\n","protected":false},"excerpt":{"rendered":"<p>20 anys Samarreta de m\u00e0niga curta feta 100% cot\u00f3 org\u00e0nic, c\u00f2moda i transpirable. Dissenyada a Barcelona, combina qualitat i estil per al dia a dia.<\/p>\n","protected":false},"featured_media":1311,"comment_status":"open","ping_status":"closed","template":"","meta":{"_acf_changed":false},"product_brand":[],"product_cat":[59],"product_tag":[],"class_list":{"0":"post-1375","1":"product","2":"type-product","3":"status-publish","4":"has-post-thumbnail","6":"product_cat-sin-categorizar","8":"first","9":"instock","10":"shipping-taxable","11":"purchasable","12":"product-type-variable"},"acf":[],"_links":{"self":[{"href":"https:\/\/www.kibuka.com\/ca\/wp-json\/wp\/v2\/product\/1375","targetHints":{"allow":["GET"]}}],"collection":[{"href":"https:\/\/www.kibuka.com\/ca\/wp-json\/wp\/v2\/product"}],"about":[{"href":"https:\/\/www.kibuka.com\/ca\/wp-json\/wp\/v2\/types\/product"}],"replies":[{"embeddable":true,"href":"https:\/\/www.kibuka.com\/ca\/wp-json\/wp\/v2\/comments?post=1375"}],"wp:featuredmedia":[{"embeddable":true,"href":"https:\/\/www.kibuka.com\/ca\/wp-json\/wp\/v2\/media\/1311"}],"wp:attachment":[{"href":"https:\/\/www.kibuka.com\/ca\/wp-json\/wp\/v2\/media?parent=1375"}],"wp:term":[{"taxonomy":"product_brand","embeddable":true,"href":"https:\/\/www.kibuka.com\/ca\/wp-json\/wp\/v2\/product_brand?post=1375"},{"taxonomy":"product_cat","embeddable":true,"href":"https:\/\/www.kibuka.com\/ca\/wp-json\/wp\/v2\/product_cat?post=1375"},{"taxonomy":"product_tag","embeddable":true,"href":"https:\/\/www.kibuka.com\/ca\/wp-json\/wp\/v2\/product_tag?post=1375"}],"curies":[{"name":"wp","href":"https:\/\/api.w.org\/{rel}","templated":true}]}}