{"id":1362,"date":"2025-12-15T08:08:05","date_gmt":"2025-12-15T07:08:05","guid":{"rendered":"https:\/\/www.kibuka.com\/producto\/camiseta-miro\/"},"modified":"2025-12-15T11:29:59","modified_gmt":"2025-12-15T10:29:59","slug":"camiseta-miro","status":"publish","type":"product","link":"https:\/\/www.kibuka.com\/ca\/producte\/camiseta-miro\/","title":{"rendered":"Samarreta Mir\u00f3"},"content":{"rendered":"<p>20 anys<br \/>\nSamarreta de m\u00e0niga curta feta 100% cot\u00f3 org\u00e0nic, c\u00f2moda i transpirable.<br \/>\nDissenyada a Barcelona, combina qualitat i estil per al dia a dia.<\/p>\n","protected":false},"excerpt":{"rendered":"<p>20 anys Samarreta de m\u00e0niga curta feta 100% cot\u00f3 org\u00e0nic, c\u00f2moda i transpirable. Dissenyada a Barcelona, combina qualitat i estil per al dia a dia.<\/p>\n","protected":false},"featured_media":1286,"comment_status":"open","ping_status":"closed","template":"","meta":{"_acf_changed":false},"product_brand":[],"product_cat":[59],"product_tag":[],"class_list":{"0":"post-1362","1":"product","2":"type-product","3":"status-publish","4":"has-post-thumbnail","6":"product_cat-sin-categorizar","8":"first","9":"instock","10":"shipping-taxable","11":"purchasable","12":"product-type-variable"},"acf":[],"_links":{"self":[{"href":"https:\/\/www.kibuka.com\/ca\/wp-json\/wp\/v2\/product\/1362","targetHints":{"allow":["GET"]}}],"collection":[{"href":"https:\/\/www.kibuka.com\/ca\/wp-json\/wp\/v2\/product"}],"about":[{"href":"https:\/\/www.kibuka.com\/ca\/wp-json\/wp\/v2\/types\/product"}],"replies":[{"embeddable":true,"href":"https:\/\/www.kibuka.com\/ca\/wp-json\/wp\/v2\/comments?post=1362"}],"wp:featuredmedia":[{"embeddable":true,"href":"https:\/\/www.kibuka.com\/ca\/wp-json\/wp\/v2\/media\/1286"}],"wp:attachment":[{"href":"https:\/\/www.kibuka.com\/ca\/wp-json\/wp\/v2\/media?parent=1362"}],"wp:term":[{"taxonomy":"product_brand","embeddable":true,"href":"https:\/\/www.kibuka.com\/ca\/wp-json\/wp\/v2\/product_brand?post=1362"},{"taxonomy":"product_cat","embeddable":true,"href":"https:\/\/www.kibuka.com\/ca\/wp-json\/wp\/v2\/product_cat?post=1362"},{"taxonomy":"product_tag","embeddable":true,"href":"https:\/\/www.kibuka.com\/ca\/wp-json\/wp\/v2\/product_tag?post=1362"}],"curies":[{"name":"wp","href":"https:\/\/api.w.org\/{rel}","templated":true}]}}