{"id":687,"date":"2025-05-20T13:29:42","date_gmt":"2025-05-20T11:29:42","guid":{"rendered":"https:\/\/www.kibuka.com\/?page_id=687"},"modified":"2026-03-24T18:33:13","modified_gmt":"2026-03-24T17:33:13","slug":"gift-card","status":"publish","type":"page","link":"https:\/\/www.kibuka.com\/ca\/gift-card\/","title":{"rendered":"Gift Card"},"content":{"rendered":"\n<h2 class=\"wp-block-heading\">REGALA EL TEU MOMENT KIBUKA<\/h2>\n\n\n\n<p>Regala un \u00e0pat al local que m\u00e9s t&#8217;agradi. Pots comprar-les en format f\u00edsic de sempre a Goya, Izakaya i Fast, i com a novetat en format digital a Verdi i Llull. Tant la GIFT CARD f\u00edsica com la digital no est\u00e0 subjecta a un men\u00fa tancat. El client podr\u00e0 demanar el que desitgi de la carta. Si el client supera el saldo de la GIFT CARD, haur\u00e0 d&#8217;abonar la difer\u00e8ncia. <\/p>\n\n\n\n<hr class=\"wp-block-separator has-alpha-channel-opacity\"\/>\n\n\n\n<h2 class=\"wp-block-heading\">GIFT CARDS DIGITALS<\/h2>\n\n\n\n<p>Podr\u00e0s comprar la teva GIFT CARD de Verdi i Llull online, fent click al bot\u00f3 de sota del restaurant. T\u2019enviarem un mail amb la confirmaci\u00f3 i les instruccions. Les GIFT CARD digitals, han d&#8217;anar associades a una reserva feta per telefon o web.  El valor de la GIFT CARD podr\u00e0 ser de 75\u20ac o 100\u20ac i aquest import  s&#8217;haur\u00e0 de consumir en una \u00fanica visita. <\/p>\n\n\n\n<div style=\"height:32px\" aria-hidden=\"true\" class=\"wp-block-spacer\"><\/div>\n\n\n\n<h3 class=\"wp-block-heading\">KIBUKA VERDI<\/h3>\n\n\n\n<p><a href=\"https:\/\/maps.app.goo.gl\/Zpjgqo7p4hHBo2SU6\" target=\"_blank\" rel=\"noreferrer noopener\">Carrer Verdi, 64, Gr\u00e0cia, 08012 Barcelona<\/a><br><a href=\"tel:934159217\">93 415 92 17<\/a><br>S\u2019accepten reserves<\/p>\n\n\n\n<a class=\"button button-primary\" href=\"https:\/\/www.covermanager.com\/eco\/buy_products\/restaurante-kibuka-verdi\/catalan\" target=\"_blank\" style=\"display: inline-block; font-family: monospace !important; border-radius: 5px !important; letter-spacing: 2px !important; text-transform: none !important; font-size: 14px !important; padding: 10px 30px !important; font-weight: 500 !important;\">Comprar<\/a>\n\n\n\n<div style=\"height:32px\" aria-hidden=\"true\" class=\"wp-block-spacer\"><\/div>\n\n\n\n<h3 class=\"wp-block-heading\">KIBUKA LLULL<\/h3>\n\n\n\n<p><a href=\"https:\/\/maps.app.goo.gl\/hbSEAecbuF7e3qvM8\" target=\"_blank\" rel=\"noreferrer noopener\">Carrer Llull, 155, Sant Mart\u00ed, 08005 Barcelona<\/a><br><a href=\"tel:933682036\">93 368 20 36<\/a><br>S\u2019accepten reserves<\/p>\n\n\n\n<a class=\"button button-primary\" href=\"https:\/\/www.covermanager.com\/eco\/buy_products\/restaurante-kibukasushibar\/catalan\" target=\"_blank\" style=\"display: inline-block; font-family: monospace !important; border-radius: 5px !important; letter-spacing: 2px !important; text-transform: none !important; font-size: 14px !important; padding: 10px 30px !important; font-weight: 500 !important;\">Comprar<\/a>\n\n\n\n<hr class=\"wp-block-separator has-alpha-channel-opacity\"\/>\n\n\n\n<h2 class=\"wp-block-heading\">GIFT CARDS F\u00cdSIQUES<\/h2>\n\n\n\n<p>Pots comprar-les en format f\u00edsic de sempre a Goya, Izakaya i Fast. En el cas que el client no arribi a gastar l&#8217;import total de la targeta, el saldo quedar\u00e0 disponible per a futures ocasions.<\/p>\n\n\n\n<div style=\"height:32px\" aria-hidden=\"true\" class=\"wp-block-spacer\"><\/div>\n\n\n\n<h3 class=\"wp-block-heading\">KIBUKA GOYA<\/h3>\n\n\n\n<p><a href=\"https:\/\/maps.app.goo.gl\/VD8ma6YFGZxMgVm36\" target=\"_blank\" rel=\"noreferrer noopener\">Carrer Goya, 9, Gracia, 08012 Barcelona<\/a><br><a href=\"tel:932378994\">93 237 89 94<\/a><br>No s\u2019accepten reserves<\/p>\n\n\n\n<div style=\"height:32px\" aria-hidden=\"true\" class=\"wp-block-spacer\"><\/div>\n\n\n\n<h3 class=\"wp-block-heading\">KIBUKA IZAKAYA &#8211; TAVERNA JAPONESA I RAMEN<\/h3>\n\n\n\n<p><a href=\"https:\/\/maps.app.goo.gl\/jDP9HbWQHL78rZRt9\" target=\"_blank\" rel=\"noreferrer noopener\">Carrer Sant Dom\u00e8nec, 19, Gr\u00e0cia, 08012 Barcelona<\/a><span style=\"text-decoration: underline;\"><br><\/span><a href=\"tel:932378994\">93 237 89 94<\/a><br>No s\u2019accepten reserves<\/p>\n\n\n\n<div style=\"height:32px\" aria-hidden=\"true\" class=\"wp-block-spacer\"><\/div>\n\n\n\n<h3 class=\"wp-block-heading\">FAST KIBUKA<\/h3>\n\n\n\n<p><a href=\"https:\/\/maps.app.goo.gl\/Rvo8n5ekdvzr68L56\">Torrent de l\u2019Olla 23, Gr\u00e0cia, 08012, Barcelona<\/a><span style=\"text-decoration: underline;\"><br><\/span><a href=\"https:\/\/maps.app.goo.gl\/DebjnrVtDQKUGSUJ8\" target=\"_blank\" rel=\"noreferrer noopener\">Gran de Gr\u00e0cia 153, Gr\u00e0cia, 08012, Barcelona<\/a><br><a href=\"tel:933683047\">93 368 30 47<\/a><\/p>\n\n\n\n<div style=\"height:42px\" aria-hidden=\"true\" class=\"wp-block-spacer\"><\/div>\n\n\n\n<p>* Les GIFT CARDS s\u00f3n exclusives per cada local. Si es compra una targeta al restaurant del carrer Goya ser\u00e0 exclusivament per utilitzar-la en aquest restaurant. Aix\u00ed amb totes.<\/p>\n\n\n\n<p>* Un cop adquirida la GIFT CARD passa a ser responsabilitat del client. En cas de p\u00e8rdua o robatori KIBUKA no se&#8217;n fa responsable ni en posar\u00e0 cap en substituci\u00f3.<\/p>\n\n\n\n<p><\/p>\n","protected":false},"excerpt":{"rendered":"<p>REGALA EL TEU MOMENT KIBUKA Regala un \u00e0pat al local que m\u00e9s t&#8217;agradi. Pots comprar-les en format f\u00edsic de sempre a Goya, Izakaya i Fast, i com a novetat en format digital a Verdi i Llull. Tant la GIFT CARD f\u00edsica com la digital no est\u00e0 subjecta a un men\u00fa tancat. El client podr\u00e0 demanar [&hellip;]<\/p>\n","protected":false},"author":1,"featured_media":680,"parent":0,"menu_order":0,"comment_status":"closed","ping_status":"closed","template":"page-landing.php","meta":{"_acf_changed":false,"footnotes":""},"class_list":["post-687","page","type-page","status-publish","has-post-thumbnail","hentry"],"acf":[],"_links":{"self":[{"href":"https:\/\/www.kibuka.com\/ca\/wp-json\/wp\/v2\/pages\/687","targetHints":{"allow":["GET"]}}],"collection":[{"href":"https:\/\/www.kibuka.com\/ca\/wp-json\/wp\/v2\/pages"}],"about":[{"href":"https:\/\/www.kibuka.com\/ca\/wp-json\/wp\/v2\/types\/page"}],"author":[{"embeddable":true,"href":"https:\/\/www.kibuka.com\/ca\/wp-json\/wp\/v2\/users\/1"}],"replies":[{"embeddable":true,"href":"https:\/\/www.kibuka.com\/ca\/wp-json\/wp\/v2\/comments?post=687"}],"version-history":[{"count":9,"href":"https:\/\/www.kibuka.com\/ca\/wp-json\/wp\/v2\/pages\/687\/revisions"}],"predecessor-version":[{"id":1591,"href":"https:\/\/www.kibuka.com\/ca\/wp-json\/wp\/v2\/pages\/687\/revisions\/1591"}],"wp:featuredmedia":[{"embeddable":true,"href":"https:\/\/www.kibuka.com\/ca\/wp-json\/wp\/v2\/media\/680"}],"wp:attachment":[{"href":"https:\/\/www.kibuka.com\/ca\/wp-json\/wp\/v2\/media?parent=687"}],"curies":[{"name":"wp","href":"https:\/\/api.w.org\/{rel}","templated":true}]}}