{"id":499,"date":"2025-05-14T16:50:46","date_gmt":"2025-05-14T14:50:46","guid":{"rendered":"https:\/\/www.kibuka.com\/reservar-ramen\/"},"modified":"2025-09-30T14:15:47","modified_gmt":"2025-09-30T12:15:47","slug":"reservar-ramen","status":"publish","type":"page","link":"https:\/\/www.kibuka.com\/ca\/reservar-ramen\/","title":{"rendered":"Reservar Izakaya &#8211; Taverna Japonesa i Ramen"},"content":{"rendered":"\n<p>La nostra cuina obre tot el dia NON STOP de 13:00 a 23:30<br>Fins a 7 persones no s\u2019accepten reserves.<br>Pots reservar entre 8 i 20 persones amb men\u00fa tancat obligatori.<br>Per a reserves superiors a 20 persones contacta amb secretaria@kibuka.com<br>La durada del servei \u00e9s de 2 hores.<br>Sol\u00b7licitarem les dades de la teva targeta de cr\u00e8dit com a garantia.<br>El tr\u00e0mit de la reserva no comporta cap c\u00e0rrec.<br>Pots modificar o anul\u00b7lar la reserva fins a 48 hores abans sense c\u00e0rrec.<br>Passat aquest moment es carregaran 10\u20ac per persona que no assisteixi.<\/p>\n\n\n\n<p>MEN\u00daS GRUPS: <br><a href=\"https:\/\/www.kibuka.com\/wp-content\/uploads\/2025\/05\/MENU-RAMEN-NOMES-ENTRE-SETMANA.pdf\" data-type=\"link\" data-id=\"https:\/\/www.kibuka.com\/wp-content\/uploads\/2025\/05\/MENU-RAMEN-SOLO-ENTRE-SEMANA-1.pdf\" target=\"_blank\" rel=\"noreferrer noopener\">Men\u00fa de 22\u20ac<\/a>\/persona (exclusiu entre setmana)<br><a href=\"https:\/\/www.kibuka.com\/wp-content\/uploads\/2025\/05\/MENU-RAMEN-ESPECIAL-5.pdf\" data-type=\"attachment\" data-id=\"698\" target=\"_blank\" rel=\"noreferrer noopener\">Men\u00fa Ramen de 26\u20ac<\/a>\/persona<br><a href=\"https:\/\/www.kibuka.com\/wp-content\/uploads\/2025\/05\/MENU-IZAKAYA-5.pdf\" data-type=\"link\" data-id=\"https:\/\/www.kibuka.com\/wp-content\/uploads\/2025\/05\/MENU-IZAKAYA-5.pdf\">Men\u00fa Izakaya de 26\u20ac<\/a>\/persona<\/p>\n\n\n\n<p class=\"has-small-font-size\">*adaptables sense gluten<\/p>\n\n\n\n<p>Per a m\u00e9s informaci\u00f3, pots trucar-nos al <a href=\"tel:933682036\">93 368 20 36<\/a><\/p>\n\n\n\n<p><\/p>\n","protected":false},"excerpt":{"rendered":"<p>La nostra cuina obre tot el dia NON STOP de 13:00 a 23:30Fins a 7 persones no s\u2019accepten reserves.Pots reservar entre 8 i 20 persones amb men\u00fa tancat obligatori.Per a reserves superiors a 20 persones contacta amb secretaria@kibuka.comLa durada del servei \u00e9s de 2 hores.Sol\u00b7licitarem les dades de la teva targeta de cr\u00e8dit com a [&hellip;]<\/p>\n","protected":false},"author":1,"featured_media":0,"parent":0,"menu_order":0,"comment_status":"closed","ping_status":"closed","template":"reservar-restaurante.php","meta":{"_acf_changed":false,"footnotes":""},"class_list":["post-499","page","type-page","status-publish","hentry"],"acf":[],"_links":{"self":[{"href":"https:\/\/www.kibuka.com\/ca\/wp-json\/wp\/v2\/pages\/499","targetHints":{"allow":["GET"]}}],"collection":[{"href":"https:\/\/www.kibuka.com\/ca\/wp-json\/wp\/v2\/pages"}],"about":[{"href":"https:\/\/www.kibuka.com\/ca\/wp-json\/wp\/v2\/types\/page"}],"author":[{"embeddable":true,"href":"https:\/\/www.kibuka.com\/ca\/wp-json\/wp\/v2\/users\/1"}],"replies":[{"embeddable":true,"href":"https:\/\/www.kibuka.com\/ca\/wp-json\/wp\/v2\/comments?post=499"}],"version-history":[{"count":18,"href":"https:\/\/www.kibuka.com\/ca\/wp-json\/wp\/v2\/pages\/499\/revisions"}],"predecessor-version":[{"id":940,"href":"https:\/\/www.kibuka.com\/ca\/wp-json\/wp\/v2\/pages\/499\/revisions\/940"}],"wp:attachment":[{"href":"https:\/\/www.kibuka.com\/ca\/wp-json\/wp\/v2\/media?parent=499"}],"curies":[{"name":"wp","href":"https:\/\/api.w.org\/{rel}","templated":true}]}}