{"id":425,"date":"2025-02-17T12:34:03","date_gmt":"2025-02-17T11:34:03","guid":{"rendered":"https:\/\/www.kibuka.com\/reservar-goya\/"},"modified":"2025-05-29T17:49:37","modified_gmt":"2025-05-29T15:49:37","slug":"reservar-goya","status":"publish","type":"page","link":"https:\/\/www.kibuka.com\/ca\/reservar-goya\/","title":{"rendered":"Reservar Goya"},"content":{"rendered":"\n<p><strong>NOM\u00c9S RESERVEM VIA TEL\u00c8FON<\/strong><\/p>\n\n\n\n<p>La nostra cuina obre tot el dia NON STOP de 13:00 a 23:30\/00:00<br>Les reserves s\u00f3n per a grups de 8 a 12 persones, amb men\u00fa tancat obligatori.<br>Per a menys comensals funcionem per ordre d\u2019arribada.<br>La durada del servei \u00e9s de 2 hores.<\/p>\n\n\n\n<p>MEN\u00daS GRUPS: <br><a href=\"https:\/\/www.kibuka.com\/wp-content\/uploads\/2025\/05\/GOYA-DEGUSTACIO-3.pdf\" data-type=\"link\" data-id=\"https:\/\/www.kibuka.com\/wp-content\/uploads\/2025\/05\/GOYA-DEGUSTACIO-1-2.pdf\" target=\"_blank\" rel=\"noreferrer noopener\">Men\u00fa de 26\u20ac<\/a>\/persona<br><a href=\"https:\/\/www.kibuka.com\/wp-content\/uploads\/2025\/05\/GOYA-DEGUSTACIO-4.pdf\" data-type=\"attachment\" data-id=\"714\" target=\"_blank\" rel=\"noreferrer noopener\">Men\u00fa de 32\u20ac<\/a>\/persona (sal\u00f3 reservat disponible)<\/p>\n\n\n\n<p class=\"has-small-font-size\">*adaptables sense gluten<\/p>\n\n\n\n<p>Per a m\u00e9s informaci\u00f3 i reserves, pots trucar-nos al <a href=\"tel:932378994\">93 237 89 94<\/a><\/p>\n\n\n\n<p><\/p>\n\n\n\n<p><\/p>\n","protected":false},"excerpt":{"rendered":"<p>NOM\u00c9S RESERVEM VIA TEL\u00c8FON La nostra cuina obre tot el dia NON STOP de 13:00 a 23:30\/00:00Les reserves s\u00f3n per a grups de 8 a 12 persones, amb men\u00fa tancat obligatori.Per a menys comensals funcionem per ordre d\u2019arribada.La durada del servei \u00e9s de 2 hores. MEN\u00daS GRUPS: Men\u00fa de 26\u20ac\/personaMen\u00fa de 32\u20ac\/persona (sal\u00f3 reservat disponible) [&hellip;]<\/p>\n","protected":false},"author":1,"featured_media":0,"parent":0,"menu_order":0,"comment_status":"closed","ping_status":"closed","template":"reservar-restaurante.php","meta":{"_acf_changed":false,"footnotes":""},"class_list":["post-425","page","type-page","status-publish","hentry"],"acf":[],"_links":{"self":[{"href":"https:\/\/www.kibuka.com\/ca\/wp-json\/wp\/v2\/pages\/425","targetHints":{"allow":["GET"]}}],"collection":[{"href":"https:\/\/www.kibuka.com\/ca\/wp-json\/wp\/v2\/pages"}],"about":[{"href":"https:\/\/www.kibuka.com\/ca\/wp-json\/wp\/v2\/types\/page"}],"author":[{"embeddable":true,"href":"https:\/\/www.kibuka.com\/ca\/wp-json\/wp\/v2\/users\/1"}],"replies":[{"embeddable":true,"href":"https:\/\/www.kibuka.com\/ca\/wp-json\/wp\/v2\/comments?post=425"}],"version-history":[{"count":28,"href":"https:\/\/www.kibuka.com\/ca\/wp-json\/wp\/v2\/pages\/425\/revisions"}],"predecessor-version":[{"id":904,"href":"https:\/\/www.kibuka.com\/ca\/wp-json\/wp\/v2\/pages\/425\/revisions\/904"}],"wp:attachment":[{"href":"https:\/\/www.kibuka.com\/ca\/wp-json\/wp\/v2\/media?parent=425"}],"curies":[{"name":"wp","href":"https:\/\/api.w.org\/{rel}","templated":true}]}}