{"id":411,"date":"2025-01-14T15:50:01","date_gmt":"2025-01-14T14:50:01","guid":{"rendered":"https:\/\/www.kibuka.com\/termes-i-condicions\/"},"modified":"2026-01-15T17:41:15","modified_gmt":"2026-01-15T16:41:15","slug":"termes-i-condicions","status":"publish","type":"page","link":"https:\/\/www.kibuka.com\/ca\/termes-i-condicions\/","title":{"rendered":"Termes i Condicions"},"content":{"rendered":"\n<h1 class=\"wp-block-heading\">1.AVISO LEGAL Y CONDICIONES GENERALES DE USO<\/h1>\n\n<p><em>www.kibuka.com<\/em><\/p>\n\n<h2 class=\"wp-block-heading\">I. INFORMACI\u00d3N GENERAL<\/h2>\n\n<p>En cumplimiento con el deber de informaci\u00f3n dispuesto en la Ley 34\/2002, de 11 de julio, de Servicios de la Sociedad de la Informaci\u00f3n y de Comercio Electr\u00f3nico (LSSI-CE), se facilitan a continuaci\u00f3n los siguientes datos de informaci\u00f3n general del sitio web:<\/p>\n\n<p>La titularidad de este sitio web, www.kibuka.com (en adelante, el Sitio Web) la ostenta: GRUP KIBUKA S.L., provista de NIF: B66697871, e inscrita en el Registro Mercantil que corresponda, con los siguientes datos de contacto:<\/p>\n\n<p>Direcci\u00f3n: C PUIGMARTI, NUM. 35 LOCAL 2, 08012 BARCELONA (BARCELONA) <\/p>\n\n<p>Tel\u00e9fono de contacto: 932 856 820<\/p>\n\n<p>Email de contacto: info@kibuka.com<\/p>\n\n<h2 class=\"wp-block-heading\">II. T\u00c9RMINOS Y CONDICIONES GENERALES DE USO <\/h2>\n\n<p><strong>El objeto de las condiciones: El Sitio Web<\/strong><\/p>\n\n<p>El objeto de las presentes Condiciones Generales de Uso (en adelante, Condiciones) es regular el acceso y la utilizaci\u00f3n del Sitio Web. A los efectos de las presentes Condiciones se entender\u00e1 como Sitio Web: la apariencia externa de los interfaces de pantalla, tanto de forma est\u00e1tica como de forma din\u00e1mica, es decir, el \u00e1rbol de navegaci\u00f3n; y todos los elementos integrados tanto en los interfaces de pantalla como en el \u00e1rbol de navegaci\u00f3n (en adelante, Contenidos) y todos aquellos servicios o recursos en l\u00ednea que en su caso ofrezca a los Usuarios (en adelante, Servicios). <\/p>\n\n<p>Kibuka se reserva la facultad de modificar, en cualquier momento y sin aviso previo, la presentaci\u00f3n y configuraci\u00f3n del Sitio Web y de los Contenidos y Servicios que en \u00e9l pudieran estar incorporados. El Usuario reconoce y acepta que en cualquier momento Kibuka pueda interrumpir, desactivar y\/o cancelar cualquiera de estos elementos que se integran en el Sitio Web o el acceso a los mismos. <\/p>\n\n<p>El acceso al Sitio Web por el Usuario tiene car\u00e1cter libre y, por regla general, es gratuito, sin que el Usuario tenga que proporcionar una contraprestaci\u00f3n para poder disfrutar de ello, salvo en lo relativo al coste de conexi\u00f3n a trav\u00e9s de la red de telecomunicaciones suministrada por el proveedor de acceso que hubiere contratado el Usuario.<\/p>\n\n<p>Aparte del coste de conexi\u00f3n, algunos de los Contenidos o Servicios ofrecidos por Kibuka o, en su caso, terceros a trav\u00e9s del Sitio Web pueden encontrarse sujetos a la contrataci\u00f3n previa del Contenido o Servicio, en cuyo caso se especificar\u00e1 de forma clara y\/o se pondr\u00e1 a disposici\u00f3n del Usuario las correspondientes condiciones que lo regulen.<\/p>\n\n<p>La utilizaci\u00f3n de alguno de los Contenidos o Servicios del Sitio Web podr\u00e1 hacerse mediante la suscripci\u00f3n o registro previo del Usuario.<\/p>\n\n<p>La utilizaci\u00f3n de los Contenidos no requiere previa suscripci\u00f3n o registro alguno.<\/p>\n\n<p><strong>El Usuario<\/strong><\/p>\n\n<p>El acceso, la navegaci\u00f3n y uso del Sitio Web confiere la condici\u00f3n de Usuario, por lo que se aceptan, desde que se inicia la navegaci\u00f3n por el Sitio Web, todas las Condiciones aqu\u00ed establecidas, as\u00ed como sus ulteriores modificaciones, sin perjuicio de la aplicaci\u00f3n de la correspondiente normativa legal de obligado cumplimiento seg\u00fan el caso. Se recomienda al Usuario leerlas cada vez que visite el Sitio Web. <\/p>\n\n<p>El Sitio Web de Kibuka proporciona informaci\u00f3n, servicios y datos. El Usuario asume su responsabilidad para realizar un uso correcto del Sitio Web. Esta responsabilidad se extender\u00e1 a:  <\/p>\n\n<p>Un uso de la informaci\u00f3n, Contenidos y\/o Servicios y datos ofrecidos por Kibuka sin que sea contrario a lo dispuesto por las presentes Condiciones, la Ley, la moral o el orden p\u00fablico, o que de cualquier otro modo puedan suponer lesi\u00f3n de los derechos de terceros o del mismo funcionamiento del Sitio Web.<\/p>\n\n<p>La veracidad y licitud de las informaciones aportadas por el Usuario en los formularios extendidos por Kibuka para el acceso a ciertos Contenidos o Servicios ofrecidos por el Sitio Web.<\/p>\n\n<p>La notificaci\u00f3n inmediata a Kibuka de cualquier hecho que permita el uso indebido de la informaci\u00f3n registrada (por ejemplo, robo, extrav\u00edo o acceso no autorizado a identificadores y\/o contrase\u00f1as), con el fin de proceder a su inmediata cancelaci\u00f3n.<\/p>\n\n<p>Kibuka se reserva el derecho de retirar todos aquellos comentarios y aportaciones que vulneren la ley, el respeto a la dignidad de la persona, que sean discriminatorios, xen\u00f3fobos, racistas, pornogr\u00e1ficos, spamming, que atenten contra la juventud o la infancia, el orden o la seguridad p\u00fablica o que, a su juicio, no resultaran adecuados para su publicaci\u00f3n.<\/p>\n\n<p>En cualquier caso, Kibuka no ser\u00e1 responsable de las opiniones vertidas por los Usuarios a trav\u00e9s de comentarios u otras herramientas de participaci\u00f3n que pueda haber.<\/p>\n\n<p>El mero acceso a este Sitio Web no supone entablar ning\u00fan tipo de relaci\u00f3n de car\u00e1cter comercial entre Kibuka y el Usuario.<\/p>\n\n<p>El Usuario declara ser mayor de edad y disponer de la capacidad jur\u00eddica suficiente para vincularse por las presentes Condiciones. Por lo tanto, este Sitio Web no se dirige a menores de edad. Kibuka declina cualquier responsabilidad por el incumplimiento de este requisito.  <\/p>\n\n<p>El Sitio Web est\u00e1 dirigido principalmente a Usuarios residentes en Espa\u00f1a. Kibuka no asegura que el Sitio Web cumpla con legislaciones de otros pa\u00edses. Si el Usuario reside o tiene su domicilio en otro lugar y decide acceder y\/o navegar en el Sitio Web lo har\u00e1 bajo su propia responsabilidad, debiendo asegurarse de que tal acceso y navegaci\u00f3n cumple con la legislaci\u00f3n local que le sea aplicable.  <\/p>\n\n<h2 class=\"wp-block-heading\">III. ACCESO Y NAVEGACI\u00d3N EN EL SITIO WEB: EXCLUSI\u00d3N DE GARANT\u00cdAS Y RESPONSABILIDAD <\/h2>\n\n<p>Kibuka no garantiza la continuidad, disponibilidad y utilidad del Sitio Web, ni de los Contenidos o Servicios. Kibuka har\u00e1 todo lo posible por el buen funcionamiento del Sitio Web; sin embargo, no se responsabiliza ni garantiza que el acceso a este Sitio Web no vaya a ser ininterrumpido o que est\u00e9 libre de error. <\/p>\n\n<p>Tampoco se responsabiliza o garantiza que el contenido o software al que pueda accederse a trav\u00e9s de este Sitio Web est\u00e9 libre de error o cause un da\u00f1o al sistema inform\u00e1tico del Usuario. En ning\u00fan caso Kibuka ser\u00e1 responsable por las p\u00e9rdidas, da\u00f1os o perjuicios de cualquier tipo que surjan por el acceso, navegaci\u00f3n y el uso del Sitio Web, incluy\u00e9ndose, pero no limit\u00e1ndose, a los ocasionados a los sistemas inform\u00e1ticos o los provocados por la introducci\u00f3n de virus. <\/p>\n\n<p>Kibuka tampoco se hace responsable de los da\u00f1os que pudiesen ocasionarse a los usuarios por un uso inadecuado del Sitio Web. En particular, no se hace responsable en modo alguno de las ca\u00eddas, interrupciones, falta o defecto de las telecomunicaciones que pudieran ocurrir. <\/p>\n\n<h2 class=\"wp-block-heading\">IV. POL\u00cdTICA DE ENLACES <\/h2>\n\n<p>Se informa que el Sitio Web de Kibuka pone o puede poner a disposici\u00f3n de los Usuarios medios de enlace (como, entre otros, links, banners, botones), directorios y motores de b\u00fasqueda que permiten a los Usuarios acceder a sitios web pertenecientes y\/o gestionados por terceros.<\/p>\n\n<p>Kibuka no ofrece ni comercializa por s\u00ed ni por medio de terceros los productos y\/o servicios disponibles en dichos sitios enlazados.<\/p>\n\n<p>Kibuka no garantiza la disponibilidad t\u00e9cnica, exactitud, veracidad, validez o legalidad de sitios ajenos a su propiedad a los que se pueda acceder por medio de los enlaces.<\/p>\n\n<p>Kibuka no asume ninguna responsabilidad por los da\u00f1os y perjuicios que pudieran producirse por el acceso, uso, calidad o licitud de los contenidos, comunicaciones, opiniones, productos y servicios de los sitios web no gestionados por Kibuka y que sean enlazados en este Sitio Web.<\/p>\n\n<h2 class=\"wp-block-heading\">V. PROPIEDAD INTELECTUAL E INDUSTRIAL<\/h2>\n\n<p>Kibuka por s\u00ed o como parte cesionaria, es titular de todos los derechos de propiedad intelectual e industrial del Sitio Web, as\u00ed como de los elementos contenidos en el mismo (a t\u00edtulo enunciativo y no exhaustivo, im\u00e1genes, sonido, audio, v\u00eddeo, software o textos, marcas o logotipos, combinaciones de colores, estructura y dise\u00f1o, selecci\u00f3n de materiales usados, programas de ordenador necesarios para su funcionamiento, acceso y uso, etc.).<\/p>\n\n<p>Quedan expresamente prohibidas la reproducci\u00f3n, la distribuci\u00f3n y la comunicaci\u00f3n p\u00fablica, incluida su modalidad de puesta a disposici\u00f3n, de la totalidad o parte de los contenidos del Sitio Web con fines comerciales, en cualquier soporte y por cualquier medio t\u00e9cnico, sin la autorizaci\u00f3n de Kibuka.<\/p>\n\n<h2 class=\"wp-block-heading\">VI. ACCIONES LEGALES, LEGISLACI\u00d3N APLICABLE Y JURISDICCI\u00d3N <\/h2>\n\n<p>Kibuka se reserva la facultad de presentar las acciones civiles o penales que considere necesarias por la utilizaci\u00f3n indebida del Sitio Web y Contenidos, o por el incumplimiento de las presentes Condiciones.<\/p>\n\n<p>La relaci\u00f3n entre el Usuario y Kibuka se regir\u00e1 por la normativa vigente y de aplicaci\u00f3n en el territorio espa\u00f1ol. De surgir cualquier controversia en relaci\u00f3n con la interpretaci\u00f3n y\/o aplicaci\u00f3n de estas Condiciones, las partes someter\u00e1n sus conflictos a la jurisdicci\u00f3n ordinaria, someti\u00e9ndose a los jueces y tribunales que correspondan conforme a derecho. <\/p>\n\n<p>Este documento de Aviso Legal y Condiciones Generales de Uso del sitio web ha sido creado mediante un generador de plantilla el d\u00eda 04\/02\/2025.<\/p>\n\n<h1 class=\"wp-block-heading\">2.T\u00c9RMINOS DEL SERVICIO (CONDICIONES GENERALES DE COMPRA)<\/h1>\n\n<h2 class=\"wp-block-heading\">1. \u00c1mbito del contrato<\/h2>\n\n<p>A continuaci\u00f3n, te invitamos a revisar las condiciones generales de compra que regulan el uso de la p\u00e1gina web www.kibuka.com y que aplican para la sociedad:<\/p>\n\n<p>Identidad: GRUP KIBUKA S.L.<\/p>\n\n<p>NIF: B66697871<\/p>\n\n<p>Domicilio social: C PUIGMARTI, NUM. 35 LOCAL 2, 08012 BARCELONA (BARCELONA) <\/p>\n\n<p>Correo electr\u00f3nico: info@kibuka.com<\/p>\n\n<h2 class=\"wp-block-heading\">2. Objeto y prueba de aceptaci\u00f3n<\/h2>\n\n<p>Los presentes T\u00e9rminos del Servicio tienen como objeto regular la relaci\u00f3n entre GRUP KIBUKA S.L. (en adelante la &#8220;EMPRESA&#8221;) y Ud. (en adelante el &#8220;CLIENTE&#8221;), relativas a todas las transacciones realizadas a trav\u00e9s de esta p\u00e1gina web.<\/p>\n\n<p>La adquisici\u00f3n de los productos debe hacerse a trav\u00e9s de la activaci\u00f3n del bot\u00f3n PAGAR que aparece cuando el CLIENTE finaliza la tramitaci\u00f3n de su pedido, y expresa la aceptaci\u00f3n total de estas Condiciones tal y como se muestran con anterioridad a la adquisici\u00f3n.<\/p>\n\n<p>Desde el momento de la aceptaci\u00f3n, el usuario adquiere la condici\u00f3n de CLIENTE de la EMPRESA.<\/p>\n\n<h2 class=\"wp-block-heading\">3. Idioma<\/h2>\n\n<p>Els idiomes en qu\u00e8 es podr\u00e0 perfeccionar el contracte entre l&#8217;EMPRESA i el CLIENT s\u00f3n castell\u00e0 i catal\u00e0.<\/p>\n\n<h2 class=\"wp-block-heading\">4. Informaci\u00f3n sobre los productos<\/h2>\n\n<p>Los art\u00edculos ofrecidos en la P\u00e1gina Web son una selecci\u00f3n de productos que cumplen los mismos requisitos de calidad y garant\u00eda que los productos puestos a la venta en las tiendas f\u00edsicas. Cada producto va acompa\u00f1ado de informaci\u00f3n como nombre, imagen, descripci\u00f3n y precio. <\/p>\n\n<p>La EMPRESA realiza un esfuerzo para mostrar los productos de la forma m\u00e1s cercana a la realidad posible. No obstante, la apariencia puede variar en funci\u00f3n del dispositivo. Adem\u00e1s, algunos materiales pueden presentar variaciones naturales que no tendr\u00e1n la consideraci\u00f3n de defectos.  <\/p>\n\n<h2 class=\"wp-block-heading\">5. Procedimiento de la compra<\/h2>\n\n<p>Los art\u00edculos que se deseen adquirir deber\u00e1n ser seleccionados y a\u00f1adidos al carrito de la compra.<\/p>\n\n<p>El carrito contendr\u00e1 la referencia del art\u00edculo, su nombre, variante seleccionada y precio en euros (impuestos incluidos). El precio expresado no incluye el transporte, cuyas tarifas variar\u00e1n en funci\u00f3n del m\u00e9todo de env\u00edo seleccionado. <\/p>\n\n<p>Antes de realizar el pedido se presentar\u00e1 al cliente un resumen del mismo con el precio total (transporte e impuestos incluidos) y los datos de env\u00edo, para que el cliente confirme mediante clic en el bot\u00f3n &#8216;PAGAR&#8217;.<\/p>\n\n<p>Una vez realizado el pedido, se comunicar\u00e1 el n\u00famero de pedido y se remitir\u00e1 un correo electr\u00f3nico de confirmaci\u00f3n a la direcci\u00f3n indicada.<\/p>\n\n<p>El recibo del acuse del pedido no significa la aceptaci\u00f3n del pedido por parte de la EMPRESA. Se considerar\u00e1 aceptado el pedido cuando la EMPRESA notifique al cliente confirmando que el pedido ha sido enviado. <\/p>\n\n<h2 class=\"wp-block-heading\">6. Disponibilidad de los productos<\/h2>\n\n<p>Todos los pedidos est\u00e1n sujetos a la disponibilidad de los productos. Si la EMPRESA detectase falta de existencias, lo notificar\u00e1 al cliente y reembolsar\u00e1 el importe del art\u00edculo no enviado por el mismo medio de pago. <\/p>\n\n<h2 class=\"wp-block-heading\">7. Derecho a no aceptar un producto<\/h2>\n\n<p>La EMPRESA podr\u00e1 cancelar cualquier pedido confirmado o no aceptar un pedido por motivos como error t\u00e9cnico o tipogr\u00e1fico, falta de disponibilidad, sospecha de fraude o imposibilidad de entrega. En dichos supuestos, la EMPRESA reembolsar\u00e1 \u00edntegramente las cantidades abonadas. <\/p>\n\n<h2 class=\"wp-block-heading\">8. Precios y formas de pago<\/h2>\n\n<p><strong>8.1 Precios<\/strong><\/p>\n\n<p>Los precios aplicables son los indicados en la p\u00e1gina web en la fecha del pedido. Los precios de los productos incluyen el IVA (Impuesto sobre el Valor A\u00f1adido) aplicable. <\/p>\n\n<p>El importe de los gastos de env\u00edo se indica al cliente de manera desglosada en el momento en que realice el pedido.<\/p>\n\n<p><strong>8.2 Forma de pago<\/strong><\/p>\n\n<p>Las compras se podr\u00e1n pagar a trav\u00e9s de los siguientes medios:<\/p>\n\n<p>Transferencia bancaria<\/p>\n\n<p>Tarjeta de d\u00e9bito\/cr\u00e9dito<\/p>\n\n<h2 class=\"wp-block-heading\">9. Pol\u00edtica de env\u00edos<\/h2>\n\n<p>La EMPRESA env\u00eda los pedidos a sus clientes dentro de Espa\u00f1a. Si el CLIENTE selecciona la entrega a domicilio, los costes y tiempos estimados son los siguientes: <\/p>\n\n<p>Barcelona ciudad: 2,90 EUR (48-72 horas laborables).<\/p>\n\n<p>Resta d&#8217;Espanya: 5,50 EUR (5-7 dies laborables).<\/p>\n\n<p>La fecha de entrega depende de la disponibilidad del producto y de la zona de env\u00edo. Antes de confirmar el pedido, se informar\u00e1 al CLIENTE sobre los plazos de transporte aproximados. No obstante, estos plazos pueden verse alterados por incidencias extraordinarias en el transporte y por dificultades en la entrega.  <\/p>\n\n<p>En todo caso, si el CLIENTE no recibiera el pedido en el plazo legal m\u00e1ximo de 30 d\u00edas desde la contrataci\u00f3n, puede ponerse en contacto con nosotros.<\/p>\n\n<p>Los pedidos se preparan y env\u00edan de lunes a viernes en d\u00edas laborables. No se realizan env\u00edos los s\u00e1bados, domingos ni festivos nacionales. <\/p>\n\n<p>El CLIENTE puede recoger su pedido en un plazo de 1-3 d\u00edas directamente en nuestra tienda f\u00edsica sin ning\u00fan coste adicional:<\/p>\n\n<p>Carrer de Puigmart\u00ed, 35, 08012 Barcelona, Espa\u00f1a<\/p>\n\n<h2 class=\"wp-block-heading\">10. Pol\u00edtica de devoluciones<\/h2>\n\n<p>Los art\u00edculos deben ser devueltos en su estado original, junto con cualquier accesorio relacionado con los mismos, no pudiendo ser usados, lavados o da\u00f1ados y con sus etiquetas originales.<\/p>\n\n<p>Per a procedir a la devoluci\u00f3 d&#8217;un article adquirit a la botiga en l\u00ednia, el CLIENT haur\u00e0 de sol\u00b7licitar la devoluci\u00f3 i enviar el producte en un termini no superior a 15 dies naturals seg\u00fcents a la compra.<\/p>\n\n<p>Una vez recibamos la devoluci\u00f3n, se proceder\u00e1 al reembolso en el mismo m\u00e9todo de pago que el CLIENTE utiliz\u00f3 en el momento de la compra y se avisar\u00e1 mediante un correo electr\u00f3nico.<\/p>\n\n<p>El reembolso cubrir\u00e1 \u00fanicamente el importe de los art\u00edculos devueltos; los gastos de env\u00edo originales no son reembolsables.<\/p>\n\n<p>Para cualquier consulta sobre devoluciones: info@kibuka.com<\/p>\n\n<h2 class=\"wp-block-heading\">11. Desistimiento<\/h2>\n\n<p>El CLIENTE dispondr\u00e1 de un plazo de 14 d\u00edas naturales desde la recepci\u00f3n del bien para resolver el contrato.<\/p>\n\n<p>Para ejercer el derecho de desistimiento, el CLIENTE deber\u00e1 notificar a la EMPRESA a trav\u00e9s del mail info@kibuka.com su decisi\u00f3n de desistir del contrato mediante una declaraci\u00f3n inequ\u00edvoca.<\/p>\n\n<p>La EMPRESA le comunicar\u00e1 sin demora el acuse de recibo de dicho desistimiento en un soporte duradero.<\/p>\n\n<h2 class=\"wp-block-heading\">12. Garant\u00eda legal y responsabilidades de la empresa<\/h2>\n\n<p>Los productos est\u00e1n cubiertos por una garant\u00eda legal de dos a\u00f1os frente a las faltas de conformidad en virtud de lo previsto en la Ley General para la Defensa de los Consumidores y Usuarios (Real Decreto Legislativo 1\/2007, de 16 de noviembre).<\/p>\n\n<p>El CLIENTE dispone de un servicio de atenci\u00f3n al cliente y postventa. Para cualquier aclaraci\u00f3n, incidencia o reclamaci\u00f3n, deber\u00e1 dirigirse a info@kibuka.com. <\/p>\n\n<h2 class=\"wp-block-heading\">13. Responsabilidades de cliente<\/h2>\n\n<p>El CLIENTE se obliga a realizar un uso l\u00edcito de los servicios, sin contravenir la legislaci\u00f3n vigente, ni lesionar los derechos e intereses de terceras personas. El CLIENTE garantiza la veracidad y exactitud de los datos facilitados al cumplimentar los formularios de contrataci\u00f3n. <\/p>\n\n<h2 class=\"wp-block-heading\">14. Atenci\u00f3n al cliente<\/h2>\n\n<p>Para cualquier consulta, incidencia, queja o reclamaci\u00f3n puede contactar con nosotros en: info@kibuka.com.<\/p>\n\n<h2 class=\"wp-block-heading\">15. Plataforma de resoluci\u00f3n de conflictos en l\u00ednea<\/h2>\n\n<p>En cumplimiento de la obligaci\u00f3n de informaci\u00f3n a los consumidores establecida en el Art. 14 del Reglamento (UE) 524\/2013 sobre Resoluci\u00f3n de litigios en l\u00ednea en materia de consumo, se informa que la Comisi\u00f3n Europea facilita una plataforma de resoluci\u00f3n de conflictos online donde el CLIENTE podr\u00e1 presentar sus reclamaciones si reside en la UE.<\/p>\n\n<p><\/p>\n\n<p><\/p>\n","protected":false},"excerpt":{"rendered":"<p>1.AVISO LEGAL Y CONDICIONES GENERALES DE USO www.kibuka.com I. INFORMACI\u00d3N GENERAL En cumplimiento con el deber de informaci\u00f3n dispuesto en la Ley 34\/2002, de 11 de julio, de Servicios de la Sociedad de la Informaci\u00f3n y de Comercio Electr\u00f3nico (LSSI-CE), se facilitan a continuaci\u00f3n los siguientes datos de informaci\u00f3n general del sitio web: La titularidad [&hellip;]<\/p>\n","protected":false},"author":1,"featured_media":0,"parent":0,"menu_order":0,"comment_status":"closed","ping_status":"closed","template":"","meta":{"_acf_changed":false,"footnotes":""},"class_list":["post-411","page","type-page","status-publish","hentry"],"acf":[],"_links":{"self":[{"href":"https:\/\/www.kibuka.com\/ca\/wp-json\/wp\/v2\/pages\/411","targetHints":{"allow":["GET"]}}],"collection":[{"href":"https:\/\/www.kibuka.com\/ca\/wp-json\/wp\/v2\/pages"}],"about":[{"href":"https:\/\/www.kibuka.com\/ca\/wp-json\/wp\/v2\/types\/page"}],"author":[{"embeddable":true,"href":"https:\/\/www.kibuka.com\/ca\/wp-json\/wp\/v2\/users\/1"}],"replies":[{"embeddable":true,"href":"https:\/\/www.kibuka.com\/ca\/wp-json\/wp\/v2\/comments?post=411"}],"version-history":[{"count":3,"href":"https:\/\/www.kibuka.com\/ca\/wp-json\/wp\/v2\/pages\/411\/revisions"}],"predecessor-version":[{"id":1481,"href":"https:\/\/www.kibuka.com\/ca\/wp-json\/wp\/v2\/pages\/411\/revisions\/1481"}],"wp:attachment":[{"href":"https:\/\/www.kibuka.com\/ca\/wp-json\/wp\/v2\/media?parent=411"}],"curies":[{"name":"wp","href":"https:\/\/api.w.org\/{rel}","templated":true}]}}