{"id":386,"date":"2025-01-14T10:51:56","date_gmt":"2025-01-14T09:51:56","guid":{"rendered":"https:\/\/www.kibuka.com\/sobre-nosaltres\/"},"modified":"2025-03-06T17:10:03","modified_gmt":"2025-03-06T16:10:03","slug":"sobre-nosaltres","status":"publish","type":"page","link":"https:\/\/www.kibuka.com\/ca\/sobre-nosaltres\/","title":{"rendered":"Sobre nosaltres"},"content":{"rendered":"\n<p>Al 2004 vam comen\u00e7ar el nostre recorregut al barri de Gr\u00e0cia, a Barcelona, amb el nostre primer Kibuka al carrer Goya, 9. Un any m\u00e9s tard obr\u00edem un segon local al carrer Verdi, 64, i aix\u00ed va ser com va comen\u00e7ar el nostre concepte de \u201cKibuka Grup\u201d, volguent democratitzar la cuina japonesa i donant-li un toc occidentalitzat. Des de llavors, hem anat creixent i ara comptem amb cinc locals diferents i adaptats a diferents gustos.<br\/><br\/>Restaurants de sushi, per aquells que gaudeixen de la frescor d&#8217;aquest plat. Un ramen, inspirat en la cuina carrerera japonesa. Una taberna izakaya, amb m\u00faltiples plats per compartir. I un restaurant exclusiu de delivery i take away, perqu\u00e8 puguis gaudir de la nostra proposta on vulguis. El nostre lema \u00e9s senzill: la bona companyia, el de sempre i una relaci\u00f3 qualitat-preu que ens defineix.    <\/p>\n","protected":false},"excerpt":{"rendered":"<p>Al 2004 vam comen\u00e7ar el nostre recorregut al barri de Gr\u00e0cia, a Barcelona, amb el nostre primer Kibuka al carrer Goya, 9. Un any m\u00e9s tard obr\u00edem un segon local al carrer Verdi, 64, i aix\u00ed va ser com va comen\u00e7ar el nostre concepte de \u201cKibuka Grup\u201d, volguent democratitzar la cuina japonesa i donant-li un [&hellip;]<\/p>\n","protected":false},"author":1,"featured_media":0,"parent":0,"menu_order":0,"comment_status":"closed","ping_status":"closed","template":"nosotros.php","meta":{"_acf_changed":false,"footnotes":""},"class_list":["post-386","page","type-page","status-publish","hentry"],"acf":[],"_links":{"self":[{"href":"https:\/\/www.kibuka.com\/ca\/wp-json\/wp\/v2\/pages\/386","targetHints":{"allow":["GET"]}}],"collection":[{"href":"https:\/\/www.kibuka.com\/ca\/wp-json\/wp\/v2\/pages"}],"about":[{"href":"https:\/\/www.kibuka.com\/ca\/wp-json\/wp\/v2\/types\/page"}],"author":[{"embeddable":true,"href":"https:\/\/www.kibuka.com\/ca\/wp-json\/wp\/v2\/users\/1"}],"replies":[{"embeddable":true,"href":"https:\/\/www.kibuka.com\/ca\/wp-json\/wp\/v2\/comments?post=386"}],"version-history":[{"count":11,"href":"https:\/\/www.kibuka.com\/ca\/wp-json\/wp\/v2\/pages\/386\/revisions"}],"predecessor-version":[{"id":444,"href":"https:\/\/www.kibuka.com\/ca\/wp-json\/wp\/v2\/pages\/386\/revisions\/444"}],"wp:attachment":[{"href":"https:\/\/www.kibuka.com\/ca\/wp-json\/wp\/v2\/media?parent=386"}],"curies":[{"name":"wp","href":"https:\/\/api.w.org\/{rel}","templated":true}]}}